{"id":25904,"date":"2023-09-13T09:34:13","date_gmt":"2023-09-13T09:34:13","guid":{"rendered":"https:\/\/galedaconsultores.com\/?page_id=25904"},"modified":"2023-09-13T09:38:00","modified_gmt":"2023-09-13T09:38:00","slug":"cookies","status":"publish","type":"page","link":"https:\/\/galedaconsultores.com\/index.php\/cookies\/","title":{"rendered":"Elementor #25904"},"content":{"rendered":"\t\t<div data-elementor-type=\"wp-page\" data-elementor-id=\"25904\" class=\"elementor elementor-25904\">\n\t\t\t\t<div class=\"elementor-element elementor-element-a28d178 e-flex e-con-boxed e-con e-parent\" data-id=\"a28d178\" data-element_type=\"container\" data-e-type=\"container\">\n\t\t\t\t\t<div class=\"e-con-inner\">\n\t\t\t\t\t<\/div>\n\t\t\t\t<\/div>\n\t\t<div class=\"elementor-element elementor-element-a5e662f e-flex e-con-boxed e-con e-parent\" data-id=\"a5e662f\" data-element_type=\"container\" data-e-type=\"container\">\n\t\t\t\t\t<div class=\"e-con-inner\">\n\t\t\t\t<div class=\"elementor-element elementor-element-0540c03 elementor-widget elementor-widget-text-editor\" data-id=\"0540c03\" data-element_type=\"widget\" data-e-type=\"widget\" data-widget_type=\"text-editor.default\">\n\t\t\t\t<div class=\"elementor-widget-container\">\n\t\t\t\t\t\t\t\t\t<h3>INFORMACI\u00d3N SOBRE COOKIES<\/h3>\n<p><strong>&nbsp;<\/strong><\/p>\n<p>Conforme con la Ley 34\/2002, de 11 de julio, de servicios de la sociedad de la informaci\u00f3n y de comercio electr\u00f3nico (LSSI), en relaci\u00f3n con el Reglamento (UE) 2016\/679 del Parlamento Europeo y del Consejo, de 27 de abril de 2016, General de Protecci\u00f3n de Datos (GDPR) y la Ley Org\u00e1nica 3\/2018, de 5 de diciembre, de Protecci\u00f3n de Datos y Garant\u00eda de los Derechos Digitales (LOPDGDD), es obligado obtener el consentimiento expreso del usuario de todas las p\u00e1ginas web que usan cookies prescindibles, antes de que este navegue por ellas.<\/p>\n<h4><b>\u00bfQU\u00c9 SON LAS COOKIES?<\/b><\/h4>\n<p>Las&nbsp;<em>cookies&nbsp;<\/em>y otras tecnolog\u00edas similares tales como local shared objects, flash&nbsp;<em>cookies&nbsp;<\/em>o p\u00edxeles, son herramientas empleadas por los servidores Web para almacenar y recuperar informaci\u00f3n acerca de sus visitantes, as\u00ed como para ofrecer un correcto funcionamiento del sitio.<\/p>\n<p>Mediante el uso de estos dispositivos se permite al servidor Web recordar algunos datos concernientes al usuario, como sus preferencias para la visualizaci\u00f3n de las p\u00e1ginas de ese servidor, nombre y contrase\u00f1a, productos que m\u00e1s le interesan, etc.<\/p>\n<h4><b><em>COOKIES&nbsp;<\/em>AFECTADAS POR LA NORMATIVA Y COOKIES EXCEPTUADAS<\/b><\/h4>\n<p><strong>&nbsp;<\/strong><\/p>\n<p>Seg\u00fan la directiva de la UE, las&nbsp;<em>cookies&nbsp;<\/em>que requieren el consentimiento informado por parte del usuario son las&nbsp;<em>cookies&nbsp;<\/em>de anal\u00edtica y las de publicidad y afiliaci\u00f3n, quedando exceptuadas las de car\u00e1cter t\u00e9cnico y las necesarias para el funcionamiento del sitio web o la prestaci\u00f3n de servicios expresamente solicitados por el usuario.<\/p>\n<h4><b>TIPOS DE COOKIES<\/b><\/h4>\n<p><strong>&nbsp;<\/strong><\/p>\n<p><strong>SEG\u00daN LA FINALIDAD<\/strong><\/p>\n<p><strong>&nbsp;<\/strong><\/p>\n<p><strong><em>Cookies&nbsp;<\/em><\/strong><strong>t\u00e9cnicas y funcionales<\/strong>: son aquellas que permiten al usuario la navegaci\u00f3n a trav\u00e9s de una p\u00e1gina web, plataforma o aplicaci\u00f3n y la utilizaci\u00f3n de las diferentes opciones o servicios que en ella existan<em>.<\/em><\/p>\n<p><strong><em>Cookies&nbsp;<\/em><\/strong><strong>anal\u00edticas<\/strong>: son aquellas que permiten al responsable de las mismas el seguimiento y an\u00e1lisis del comportamiento de los usuarios de los sitios web a los que est\u00e1n vinculadas. La informaci\u00f3n recogida mediante este tipo de&nbsp;<em>cookies&nbsp;<\/em>se utiliza en la medici\u00f3n de la actividad de los sitios web, aplicaci\u00f3n o plataforma y para la elaboraci\u00f3n de perfiles de navegaci\u00f3n de los usuarios de dichos sitios, aplicaciones y plataformas, con el fin de introducir mejoras en funci\u00f3n del an\u00e1lisis de los datos de uso que hacen los usuarios del servicio.<\/p>\n<p><strong><em>Cookies&nbsp;<\/em><\/strong><strong>publicitarias:&nbsp;<\/strong>son aquellas que permiten la gesti\u00f3n, de la forma m\u00e1s eficaz posible, de los espacios publicitarios que, en su caso, el editor haya incluido en una p\u00e1gina web, aplicaci\u00f3n o plataforma desde la que presta el servicio solicitado en base a criterios como el contenido editado o la frecuencia en la que se muestran los anuncios.<\/p>\n<p><strong><em>Cookies<\/em><\/strong>&nbsp;<strong>de<\/strong>&nbsp;<strong>publicidad<\/strong>&nbsp;<strong>comportamental<\/strong>: recogen informaci\u00f3n sobre las preferencias y elecciones<\/p>\n<p>personales del usuario (<em>retargeting<\/em>) para permitir la gesti\u00f3n, de la forma m\u00e1s eficaz posible, de los espacios publicitarios que, en su caso, el editor haya incluido en una p\u00e1gina web, aplicaci\u00f3n o plataforma desde la que presta el servicio solicitado.<\/p>\n<p><strong><em>Cookies&nbsp;<\/em><\/strong><strong>sociales<\/strong>: son establecidas por las plataformas de redes sociales en los servicios para permitirle compartir contenido con sus amigos y redes. Las plataformas de medios sociales tienen la capacidad de rastrear su actividad en l\u00ednea fuera de los Servicios. Esto puede afectar al contenido y los mensajes que<\/p>\n<p>ve en otros servicios que visita.<\/p>\n<p><strong><em>Cookies&nbsp;<\/em><\/strong><strong>de afiliados<\/strong>: permiten hacer un seguimiento de las visitas procedentes de otras webs, con las que el sitio web establece un contrato de afiliaci\u00f3n (empresas de afiliaci\u00f3n).<\/p>\n<p><strong><em>Cookies&nbsp;<\/em><\/strong><strong>de seguridad<\/strong>: almacenan informaci\u00f3n cifrada para evitar que los datos guardados en ellas sean vulnerables a ataques maliciosos de terceros.<\/p>\n<h4><b>SEG\u00daN LA PROPIEDAD<\/b><\/h4>\n<p><strong><em>Cookies&nbsp;<\/em><\/strong><strong>propias<\/strong>: son aquellas que se env\u00edan al equipo terminal del usuario desde un equipo o dominio gestionado por el propio editor y desde el que se presta el servicio solicitado por el usuario.<\/p>\n<p><strong><em>Cookies&nbsp;<\/em><\/strong><strong>de terceros:&nbsp;<\/strong>son aquellas que se env\u00edan al equipo terminal del usuario desde un equipo o dominio que no es gestionado por el editor, sino por otra entidad que trata los datos obtenidos trav\u00e9s de las cookies.<\/p>\n<h4><b>SEG\u00daN EL PLAZO DE CONSERVACI\u00d3N<\/b><\/h4>\n<p><strong>&nbsp;<\/strong><\/p>\n<p><strong><em>Cookies&nbsp;<\/em><\/strong><strong>de sesi\u00f3n:&nbsp;<\/strong>son un tipo de&nbsp;<em>cookies&nbsp;<\/em>dise\u00f1adas para recabar y almacenar datos mientras el usuario accede a una p\u00e1gina web.<\/p>\n<p><strong><em>Cookies&nbsp;<\/em><\/strong><strong>persistentes:&nbsp;<\/strong>son un tipo de cookies en el que los datos siguen almacenados en el terminal y pueden ser accedidos y tratados durante un per\u00edodo definido por el responsable de la&nbsp;<em>cookie<\/em>, y que puede ir de unos minutos a varios a\u00f1os.<\/p>\n<h4><b>TRATAMIENTO DE DATOS PERSONALES<\/b><\/h4>\n<p><strong>&nbsp;<\/strong><\/p>\n<p>GALEDA CONSULTORES&nbsp; S.L. es el&nbsp;<strong>Responsable del tratamiento&nbsp;<\/strong>de los datos personales del&nbsp;<strong>Interesado&nbsp;<\/strong>y le informa de que estos datos ser\u00e1n tratados de conformidad con lo dispuesto en el Reglamento (UE) 2016\/679, de 27 de abril de 2016 (GDPR), por lo que se le facilita la siguiente informaci\u00f3n del tratamiento:<\/p>\n<p><strong>Fines del tratamiento:&nbsp;<\/strong>seg\u00fan se especifica en el apartado de&nbsp;<em>cookies&nbsp;<\/em>que se utilizan en este sitio web.<\/p>\n<p><strong>Legitimaci\u00f3n del tratamiento<\/strong>: salvo en los casos en los que resulte necesario para la navegaci\u00f3n por la web, por consentimiento del interesado (art. 6.1 GDPR).<\/p>\n<p><strong>Criterios de conservaci\u00f3n de los datos<\/strong>: seg\u00fan se especifica en el apartado de&nbsp;<em>cookies&nbsp;<\/em>utilizadas en la web.<\/p>\n<p><strong>Comunicaci\u00f3n de los datos<\/strong>: no se comunicar\u00e1n los datos a terceros, excepto en cookies propiedad de terceros o por obligaci\u00f3n legal.<\/p>\n<h4><b>Derechos que asisten al Interesado:<\/b><\/h4>\n<ul>\n<li>Derecho a retirar el consentimiento en cualquier<\/li>\n<li>Derecho de acceso, rectificaci\u00f3n, portabilidad y supresi\u00f3n de sus datos, y de limitaci\u00f3n u oposici\u00f3n a su<\/li>\n<li>Derecho a presentar una reclamaci\u00f3n ante la Autoridad de control (www.aepd.es) si considera que el tratamiento no se ajusta a la normativa<\/li>\n<\/ul>\n<h4><b>Datos de contacto para ejercer sus derechos:<\/b><\/h4>\n<p><strong>&nbsp;GALEDA CONSULTORES SL<\/strong><\/p>\n<p>C. del Marqu\u00e9s de Urquijo, 47, Planta 2 , 28008, 28008 Madrid&nbsp;S.L..&nbsp;&nbsp;<\/p>\n<p>info@galedaconsultores.com<\/p>\t\t\t\t\t\t\t\t<\/div>\n\t\t\t\t<\/div>\n\t\t\t\t<div class=\"elementor-element elementor-element-3cc04f9 elementor-align-center elementor-widget elementor-widget-button\" data-id=\"3cc04f9\" data-element_type=\"widget\" data-e-type=\"widget\" data-widget_type=\"button.default\">\n\t\t\t\t<div class=\"elementor-widget-container\">\n\t\t\t\t\t\t\t\t\t<div class=\"elementor-button-wrapper\">\n\t\t\t\t\t<a class=\"elementor-button elementor-button-link elementor-size-sm\" href=\"https:\/\/galedaconsultores.com\/index.php\/contact-us\/\">\n\t\t\t\t\t\t<span class=\"elementor-button-content-wrapper\">\n\t\t\t\t\t\t<span class=\"elementor-button-icon\">\n\t\t\t\t<svg xmlns=\"http:\/\/www.w3.org\/2000\/svg\" viewBox=\"0 0 32 32\"><path d=\"M 18.71875 6.78125 L 17.28125 8.21875 L 24.0625 15 L 4 15 L 4 17 L 24.0625 17 L 17.28125 23.78125 L 18.71875 25.21875 L 27.21875 16.71875 L 27.90625 16 L 27.21875 15.28125 Z\"><\/path><\/svg>\t\t\t<\/span>\n\t\t\t\t\t\t\t\t\t<span class=\"elementor-button-text\">Contacta con nosotros <\/span>\n\t\t\t\t\t<\/span>\n\t\t\t\t\t<\/a>\n\t\t\t\t<\/div>\n\t\t\t\t\t\t\t\t<\/div>\n\t\t\t\t<\/div>\n\t\t\t\t\t<\/div>\n\t\t\t\t<\/div>\n\t\t\t\t<\/div>\n\t\t","protected":false},"excerpt":{"rendered":"<p>INFORMACI\u00d3N SOBRE COOKIES &nbsp; Conforme con la Ley 34\/2002, de 11 de julio, de servicios de la sociedad de la informaci\u00f3n y de comercio electr\u00f3nico (LSSI), en relaci\u00f3n con el Reglamento (UE) 2016\/679 del Parlamento Europeo y del Consejo, de 27 de abril de 2016, General de Protecci\u00f3n de Datos (GDPR) y la Ley Org\u00e1nica &hellip;<\/p>\n<p class=\"read-more\"> <a class=\"\" href=\"https:\/\/galedaconsultores.com\/index.php\/cookies\/\"> <span class=\"screen-reader-text\">Elementor #25904<\/span> Leer m\u00e1s &raquo;<\/a><\/p>\n","protected":false},"author":1,"featured_media":0,"parent":0,"menu_order":0,"comment_status":"closed","ping_status":"closed","template":"","meta":{"_uag_custom_page_level_css":"","site-sidebar-layout":"no-sidebar","site-content-layout":"page-builder","ast-global-header-display":"","ast-banner-title-visibility":"","ast-main-header-display":"","ast-hfb-above-header-display":"","ast-hfb-below-header-display":"","ast-hfb-mobile-header-display":"","site-post-title":"disabled","ast-breadcrumbs-content":"","ast-featured-img":"disabled","footer-sml-layout":"","theme-transparent-header-meta":"","adv-header-id-meta":"","stick-header-meta":"","header-above-stick-meta":"","header-main-stick-meta":"","header-below-stick-meta":"","footnotes":""},"class_list":["post-25904","page","type-page","status-publish","hentry"],"yoast_head":"<!-- This site is optimized with the Yoast SEO plugin v27.4 - https:\/\/yoast.com\/product\/yoast-seo-wordpress\/ -->\n<title>Elementor #25904 - GALEDA CONSULTORES INMOBILIARIOS<\/title>\n<meta name=\"robots\" content=\"index, follow, max-snippet:-1, max-image-preview:large, max-video-preview:-1\" \/>\n<link rel=\"canonical\" href=\"https:\/\/galedaconsultores.com\/index.php\/cookies\/\" \/>\n<meta property=\"og:locale\" content=\"es_ES\" \/>\n<meta property=\"og:type\" content=\"article\" \/>\n<meta property=\"og:title\" content=\"Elementor #25904 - GALEDA CONSULTORES INMOBILIARIOS\" \/>\n<meta property=\"og:description\" content=\"INFORMACI\u00d3N SOBRE COOKIES &nbsp; Conforme con la Ley 34\/2002, de 11 de julio, de servicios de la sociedad de la informaci\u00f3n y de comercio electr\u00f3nico (LSSI), en relaci\u00f3n con el Reglamento (UE) 2016\/679 del Parlamento Europeo y del Consejo, de 27 de abril de 2016, General de Protecci\u00f3n de Datos (GDPR) y la Ley Org\u00e1nica &hellip; Elementor #25904 Leer m\u00e1s &raquo;\" \/>\n<meta property=\"og:url\" content=\"https:\/\/galedaconsultores.com\/index.php\/cookies\/\" \/>\n<meta property=\"og:site_name\" content=\"GALEDA CONSULTORES INMOBILIARIOS\" \/>\n<meta property=\"article:modified_time\" content=\"2023-09-13T09:38:00+00:00\" \/>\n<meta name=\"twitter:card\" content=\"summary_large_image\" \/>\n<meta name=\"twitter:label1\" content=\"Tiempo de lectura\" \/>\n\t<meta name=\"twitter:data1\" content=\"5 minutos\" \/>\n<script type=\"application\/ld+json\" class=\"yoast-schema-graph\">{\"@context\":\"https:\\\/\\\/schema.org\",\"@graph\":[{\"@type\":\"WebPage\",\"@id\":\"https:\\\/\\\/galedaconsultores.com\\\/index.php\\\/cookies\\\/\",\"url\":\"https:\\\/\\\/galedaconsultores.com\\\/index.php\\\/cookies\\\/\",\"name\":\"Elementor #25904 - GALEDA CONSULTORES INMOBILIARIOS\",\"isPartOf\":{\"@id\":\"https:\\\/\\\/galedaconsultores.com\\\/#website\"},\"datePublished\":\"2023-09-13T09:34:13+00:00\",\"dateModified\":\"2023-09-13T09:38:00+00:00\",\"breadcrumb\":{\"@id\":\"https:\\\/\\\/galedaconsultores.com\\\/index.php\\\/cookies\\\/#breadcrumb\"},\"inLanguage\":\"es\",\"potentialAction\":[{\"@type\":\"ReadAction\",\"target\":[\"https:\\\/\\\/galedaconsultores.com\\\/index.php\\\/cookies\\\/\"]}]},{\"@type\":\"BreadcrumbList\",\"@id\":\"https:\\\/\\\/galedaconsultores.com\\\/index.php\\\/cookies\\\/#breadcrumb\",\"itemListElement\":[{\"@type\":\"ListItem\",\"position\":1,\"name\":\"Portada\",\"item\":\"https:\\\/\\\/galedaconsultores.com\\\/\"},{\"@type\":\"ListItem\",\"position\":2,\"name\":\"Elementor #25904\"}]},{\"@type\":\"WebSite\",\"@id\":\"https:\\\/\\\/galedaconsultores.com\\\/#website\",\"url\":\"https:\\\/\\\/galedaconsultores.com\\\/\",\"name\":\"GALEDA CONSULTORES INMOBILIARIOS\",\"description\":\"Inversiones y venta inmobiliaria\",\"publisher\":{\"@id\":\"https:\\\/\\\/galedaconsultores.com\\\/#organization\"},\"potentialAction\":[{\"@type\":\"SearchAction\",\"target\":{\"@type\":\"EntryPoint\",\"urlTemplate\":\"https:\\\/\\\/galedaconsultores.com\\\/?s={search_term_string}\"},\"query-input\":{\"@type\":\"PropertyValueSpecification\",\"valueRequired\":true,\"valueName\":\"search_term_string\"}}],\"inLanguage\":\"es\"},{\"@type\":\"Organization\",\"@id\":\"https:\\\/\\\/galedaconsultores.com\\\/#organization\",\"name\":\"GALEDA CONSULTORES INMOBILIARIOS\",\"url\":\"https:\\\/\\\/galedaconsultores.com\\\/\",\"logo\":{\"@type\":\"ImageObject\",\"inLanguage\":\"es\",\"@id\":\"https:\\\/\\\/galedaconsultores.com\\\/#\\\/schema\\\/logo\\\/image\\\/\",\"url\":\"https:\\\/\\\/galedaconsultores.com\\\/wp-content\\\/uploads\\\/2023\\\/02\\\/cropped-galeda_250x300-1.png\",\"contentUrl\":\"https:\\\/\\\/galedaconsultores.com\\\/wp-content\\\/uploads\\\/2023\\\/02\\\/cropped-galeda_250x300-1.png\",\"width\":250,\"height\":139,\"caption\":\"GALEDA CONSULTORES INMOBILIARIOS\"},\"image\":{\"@id\":\"https:\\\/\\\/galedaconsultores.com\\\/#\\\/schema\\\/logo\\\/image\\\/\"}}]}<\/script>\n<!-- \/ Yoast SEO plugin. -->","yoast_head_json":{"title":"Elementor #25904 - GALEDA CONSULTORES INMOBILIARIOS","robots":{"index":"index","follow":"follow","max-snippet":"max-snippet:-1","max-image-preview":"max-image-preview:large","max-video-preview":"max-video-preview:-1"},"canonical":"https:\/\/galedaconsultores.com\/index.php\/cookies\/","og_locale":"es_ES","og_type":"article","og_title":"Elementor #25904 - GALEDA CONSULTORES INMOBILIARIOS","og_description":"INFORMACI\u00d3N SOBRE COOKIES &nbsp; Conforme con la Ley 34\/2002, de 11 de julio, de servicios de la sociedad de la informaci\u00f3n y de comercio electr\u00f3nico (LSSI), en relaci\u00f3n con el Reglamento (UE) 2016\/679 del Parlamento Europeo y del Consejo, de 27 de abril de 2016, General de Protecci\u00f3n de Datos (GDPR) y la Ley Org\u00e1nica &hellip; Elementor #25904 Leer m\u00e1s &raquo;","og_url":"https:\/\/galedaconsultores.com\/index.php\/cookies\/","og_site_name":"GALEDA CONSULTORES INMOBILIARIOS","article_modified_time":"2023-09-13T09:38:00+00:00","twitter_card":"summary_large_image","twitter_misc":{"Tiempo de lectura":"5 minutos"},"schema":{"@context":"https:\/\/schema.org","@graph":[{"@type":"WebPage","@id":"https:\/\/galedaconsultores.com\/index.php\/cookies\/","url":"https:\/\/galedaconsultores.com\/index.php\/cookies\/","name":"Elementor #25904 - GALEDA CONSULTORES INMOBILIARIOS","isPartOf":{"@id":"https:\/\/galedaconsultores.com\/#website"},"datePublished":"2023-09-13T09:34:13+00:00","dateModified":"2023-09-13T09:38:00+00:00","breadcrumb":{"@id":"https:\/\/galedaconsultores.com\/index.php\/cookies\/#breadcrumb"},"inLanguage":"es","potentialAction":[{"@type":"ReadAction","target":["https:\/\/galedaconsultores.com\/index.php\/cookies\/"]}]},{"@type":"BreadcrumbList","@id":"https:\/\/galedaconsultores.com\/index.php\/cookies\/#breadcrumb","itemListElement":[{"@type":"ListItem","position":1,"name":"Portada","item":"https:\/\/galedaconsultores.com\/"},{"@type":"ListItem","position":2,"name":"Elementor #25904"}]},{"@type":"WebSite","@id":"https:\/\/galedaconsultores.com\/#website","url":"https:\/\/galedaconsultores.com\/","name":"GALEDA CONSULTORES INMOBILIARIOS","description":"Inversiones y venta inmobiliaria","publisher":{"@id":"https:\/\/galedaconsultores.com\/#organization"},"potentialAction":[{"@type":"SearchAction","target":{"@type":"EntryPoint","urlTemplate":"https:\/\/galedaconsultores.com\/?s={search_term_string}"},"query-input":{"@type":"PropertyValueSpecification","valueRequired":true,"valueName":"search_term_string"}}],"inLanguage":"es"},{"@type":"Organization","@id":"https:\/\/galedaconsultores.com\/#organization","name":"GALEDA CONSULTORES INMOBILIARIOS","url":"https:\/\/galedaconsultores.com\/","logo":{"@type":"ImageObject","inLanguage":"es","@id":"https:\/\/galedaconsultores.com\/#\/schema\/logo\/image\/","url":"https:\/\/galedaconsultores.com\/wp-content\/uploads\/2023\/02\/cropped-galeda_250x300-1.png","contentUrl":"https:\/\/galedaconsultores.com\/wp-content\/uploads\/2023\/02\/cropped-galeda_250x300-1.png","width":250,"height":139,"caption":"GALEDA CONSULTORES INMOBILIARIOS"},"image":{"@id":"https:\/\/galedaconsultores.com\/#\/schema\/logo\/image\/"}}]}},"uagb_featured_image_src":{"full":false,"thumbnail":false,"medium":false,"medium_large":false,"large":false,"1536x1536":false,"2048x2048":false},"uagb_author_info":{"display_name":"admin","author_link":"https:\/\/galedaconsultores.com\/index.php\/author\/admin\/"},"uagb_comment_info":0,"uagb_excerpt":"INFORMACI\u00d3N SOBRE COOKIES &nbsp; Conforme con la Ley 34\/2002, de 11 de julio, de servicios de la sociedad de la informaci\u00f3n y de comercio electr\u00f3nico (LSSI), en relaci\u00f3n con el Reglamento (UE) 2016\/679 del Parlamento Europeo y del Consejo, de 27 de abril de 2016, General de Protecci\u00f3n de Datos (GDPR) y la Ley Org\u00e1nica&hellip;","_links":{"self":[{"href":"https:\/\/galedaconsultores.com\/index.php\/wp-json\/wp\/v2\/pages\/25904","targetHints":{"allow":["GET"]}}],"collection":[{"href":"https:\/\/galedaconsultores.com\/index.php\/wp-json\/wp\/v2\/pages"}],"about":[{"href":"https:\/\/galedaconsultores.com\/index.php\/wp-json\/wp\/v2\/types\/page"}],"author":[{"embeddable":true,"href":"https:\/\/galedaconsultores.com\/index.php\/wp-json\/wp\/v2\/users\/1"}],"replies":[{"embeddable":true,"href":"https:\/\/galedaconsultores.com\/index.php\/wp-json\/wp\/v2\/comments?post=25904"}],"version-history":[{"count":5,"href":"https:\/\/galedaconsultores.com\/index.php\/wp-json\/wp\/v2\/pages\/25904\/revisions"}],"predecessor-version":[{"id":25909,"href":"https:\/\/galedaconsultores.com\/index.php\/wp-json\/wp\/v2\/pages\/25904\/revisions\/25909"}],"wp:attachment":[{"href":"https:\/\/galedaconsultores.com\/index.php\/wp-json\/wp\/v2\/media?parent=25904"}],"curies":[{"name":"wp","href":"https:\/\/api.w.org\/{rel}","templated":true}]}}